{"id":807,"date":"2014-05-20T11:03:57","date_gmt":"2014-05-20T10:03:57","guid":{"rendered":"http:\/\/www.hatolightingsolutions.com\/?page_id=807"},"modified":"2016-10-18T10:20:50","modified_gmt":"2016-10-18T09:20:50","slug":"innovation","status":"publish","type":"page","link":"https:\/\/www.hatolightingsolutions.com\/fr\/solutions\/about-us\/innovation\/","title":{"rendered":"Innovation"},"content":{"rendered":"<p>L&rsquo;innovation est la pierre angulaire de notre succ\u00e8s. L&rsquo;innovation est notre strat\u00e9gie unifi\u00e9e et notre orientation commune.<\/p>\n<p>Nos activit\u00e9s d&rsquo;innovation sont extr\u00eamement importants, avec un taux d&rsquo;innovation \u00e9lev\u00e9 en cons\u00e9quence. Le d\u00e9partement de l&rsquo;innovation de Hato BV emploie des techniciens qualifi\u00e9s qui repr\u00e9sentent plus de 20% de l&rsquo;effectif total.<\/p>\n<p>En outre, nous sommes \u00e9galement pr\u00e9sents dans diverses activit\u00e9s de recherche li\u00e9es \u00e0 des partenaires importants tels que les universit\u00e9s et des centres de recherche.<\/p>\n<blockquote><p>Floris Grommen: Nous cr\u00e9ons des techniques et des solutions intelligentes<\/p><\/blockquote>\n<p><a href=\"http:\/\/www.hatolightingsolutions.com\/\/media\/0B595ED5-8AFC-4144-9E7E-96FAC6653641.jpeg\"><img decoding=\"async\" loading=\"lazy\" alt=\"Floris Grommen\" src=\"http:\/\/www.hatolightingsolutions.com\/\/media\/0B595ED5-8AFC-4144-9E7E-96FAC6653641-440x175.jpeg\" width=\"440\" height=\"175\" \/><\/a><\/p>\n<p>Floris Grommen, \u00a0Manager Innovation, souligne l&rsquo;importance des am\u00e9liorations constantes. \u00abC\u2019est le d\u00e9fi quotidien de notre d\u00e9partement Recherche &#038; D\u00e9veloppement de cr\u00e9er des techniques et des solutions intelligentes. Pour aller encore plus loin, non seulement pour s&rsquo;assurer que le produit soit techniquement parfait, mais aussi de respecter le bien-\u00eatre et l&rsquo;environnement. \u00bb<\/p>","protected":false},"excerpt":{"rendered":"<p>L&rsquo;innovation est la pierre angulaire de notre succ\u00e8s. L&rsquo;innovation est notre strat\u00e9gie unifi\u00e9e et notre orientation commune. Nos activit\u00e9s d&rsquo;innovation sont extr\u00eamement importants, avec un taux d&rsquo;innovation \u00e9lev\u00e9 en cons\u00e9quence. Le d\u00e9partement de l&rsquo;innovation de Hato BV emploie des techniciens &hellip; <a href=\"https:\/\/www.hatolightingsolutions.com\/fr\/solutions\/about-us\/innovation\/\">Suite<\/a><\/p>\n","protected":false},"author":1,"featured_media":0,"parent":805,"menu_order":10,"comment_status":"open","ping_status":"closed","template":"template-four-blocks.php","meta":{"footnotes":""},"acf":[],"_links":{"self":[{"href":"https:\/\/www.hatolightingsolutions.com\/fr\/wp-json\/wp\/v2\/pages\/807"}],"collection":[{"href":"https:\/\/www.hatolightingsolutions.com\/fr\/wp-json\/wp\/v2\/pages"}],"about":[{"href":"https:\/\/www.hatolightingsolutions.com\/fr\/wp-json\/wp\/v2\/types\/page"}],"author":[{"embeddable":true,"href":"https:\/\/www.hatolightingsolutions.com\/fr\/wp-json\/wp\/v2\/users\/1"}],"replies":[{"embeddable":true,"href":"https:\/\/www.hatolightingsolutions.com\/fr\/wp-json\/wp\/v2\/comments?post=807"}],"version-history":[{"count":40,"href":"https:\/\/www.hatolightingsolutions.com\/fr\/wp-json\/wp\/v2\/pages\/807\/revisions"}],"predecessor-version":[{"id":3272,"href":"https:\/\/www.hatolightingsolutions.com\/fr\/wp-json\/wp\/v2\/pages\/807\/revisions\/3272"}],"up":[{"embeddable":true,"href":"https:\/\/www.hatolightingsolutions.com\/fr\/wp-json\/wp\/v2\/pages\/805"}],"wp:attachment":[{"href":"https:\/\/www.hatolightingsolutions.com\/fr\/wp-json\/wp\/v2\/media?parent=807"}],"curies":[{"name":"wp","href":"https:\/\/api.w.org\/{rel}","templated":true}]}}