{"id":805,"date":"2014-05-20T11:03:30","date_gmt":"2014-05-20T10:03:30","guid":{"rendered":"http:\/\/www.hatolightingsolutions.com\/?page_id=805"},"modified":"2016-10-18T10:09:22","modified_gmt":"2016-10-18T09:09:22","slug":"about-us","status":"publish","type":"page","link":"https:\/\/www.hatolightingsolutions.com\/fr\/solutions\/about-us\/","title":{"rendered":"Qui Sommes-Nous"},"content":{"rendered":"<p>HATO BV est l&rsquo;un des fabricants leaders mondiaux dans la production des solutions d\u2019\u00e9clairage. Innovation, comp\u00e9tences technologiques et un engagement ferme \u00e0 l&rsquo;industrie de l&rsquo;\u00e9clairage, nous ont valu \u00a0une position enviable dans le secteur.<\/p>\n<p><span style=\"color: #ff9900;\"><b>NOTRE MISSION<\/b><\/span><\/p>\n<p><span style=\"color: #ff9900;\"><b>NOTRE VISION<br \/>\n<\/b><\/span><span style=\"line-height: 1.428571429;\">Fournir des solutions d&rsquo;\u00e9clairage respect\u00e9s \u00e0 travers le monde, en assurant le l&rsquo;avancement de nos clients et partenaires.<\/span><\/p>\n<blockquote><p>\u00a0Paul Obers: \u2018l&rsquo;innovation est notre \u00e9l\u00e9ment clef\u2019<\/p><\/blockquote>\n<p><img decoding=\"async\" loading=\"lazy\" src=\"http:\/\/www.hatolightingsolutions.com\/\/media\/Hato-BV-Paul-Obers-and-EUL-product-440x175.jpg\" alt=\"Hato BV Paul Obers and EUL product\" width=\"440\" height=\"175\" \/><\/p>\n<p>Directeur Paul Obers croit que l&rsquo;innovation est le facteur cl\u00e9: \u00abMon ambition est de connecter nos solutions d&rsquo;\u00e9clairage avec les applications diff\u00e9rentes. Ma passion est de cr\u00e9er l&rsquo;environnement d&rsquo;\u00e9clairage optimal. Nous ne pouvons r\u00e9aliser ces objectifs que avec l\u2019innovation continue et intelligente \u00bb.<\/p>","protected":false},"excerpt":{"rendered":"<p>HATO BV est l&rsquo;un des fabricants leaders mondiaux dans la production des solutions d\u2019\u00e9clairage. Innovation, comp\u00e9tences technologiques et un engagement ferme \u00e0 l&rsquo;industrie de l&rsquo;\u00e9clairage, nous ont valu \u00a0une position enviable dans le secteur. NOTRE MISSION NOTRE VISION Fournir des &hellip; <a href=\"https:\/\/www.hatolightingsolutions.com\/fr\/solutions\/about-us\/\">Suite<\/a><\/p>\n","protected":false},"author":1,"featured_media":0,"parent":68,"menu_order":40,"comment_status":"open","ping_status":"closed","template":"template-four-blocks.php","meta":{"footnotes":""},"acf":[],"_links":{"self":[{"href":"https:\/\/www.hatolightingsolutions.com\/fr\/wp-json\/wp\/v2\/pages\/805"}],"collection":[{"href":"https:\/\/www.hatolightingsolutions.com\/fr\/wp-json\/wp\/v2\/pages"}],"about":[{"href":"https:\/\/www.hatolightingsolutions.com\/fr\/wp-json\/wp\/v2\/types\/page"}],"author":[{"embeddable":true,"href":"https:\/\/www.hatolightingsolutions.com\/fr\/wp-json\/wp\/v2\/users\/1"}],"replies":[{"embeddable":true,"href":"https:\/\/www.hatolightingsolutions.com\/fr\/wp-json\/wp\/v2\/comments?post=805"}],"version-history":[{"count":44,"href":"https:\/\/www.hatolightingsolutions.com\/fr\/wp-json\/wp\/v2\/pages\/805\/revisions"}],"predecessor-version":[{"id":2942,"href":"https:\/\/www.hatolightingsolutions.com\/fr\/wp-json\/wp\/v2\/pages\/805\/revisions\/2942"}],"up":[{"embeddable":true,"href":"https:\/\/www.hatolightingsolutions.com\/fr\/wp-json\/wp\/v2\/pages\/68"}],"wp:attachment":[{"href":"https:\/\/www.hatolightingsolutions.com\/fr\/wp-json\/wp\/v2\/media?parent=805"}],"curies":[{"name":"wp","href":"https:\/\/api.w.org\/{rel}","templated":true}]}}