{"id":509,"date":"2014-05-07T10:07:29","date_gmt":"2014-05-07T09:07:29","guid":{"rendered":"http:\/\/www.hatolightingsolutions.com\/?page_id=509"},"modified":"2016-11-08T15:10:10","modified_gmt":"2016-11-08T14:10:10","slug":"products","status":"publish","type":"page","link":"https:\/\/www.hatolightingsolutions.com\/fr\/solutions\/products\/","title":{"rendered":"Produits"},"content":{"rendered":"<p>Prenant nos deux gammes de produits principales: Le<strong> <strong>EcoUnlimitLed\u00a0<\/strong>(EUL)<\/strong> et <strong>UNI-Q<\/strong> comme un point de d\u00e9part, les possibilit\u00e9s sont infinies. Chaque gamme de produit a ses caract\u00e9ristiques et avantages uniques.<\/p>\n<p>Bien que d\u00e9ployable pour multiples applications &#8211; Typiquement notre ligne EUL est utilis\u00e9 \u00e0 l&rsquo;int\u00e9rieur des signes ou panneaux. Les UNI-Q Tube design sont souvent utilis\u00e9s pour des fins architecturales ou artistiques.<\/p>","protected":false},"excerpt":{"rendered":"<p>Prenant nos deux gammes de produits principales: Le EcoUnlimitLed\u00a0(EUL) et UNI-Q comme un point de d\u00e9part, les possibilit\u00e9s sont infinies. Chaque gamme de produit a ses caract\u00e9ristiques et avantages uniques. Bien que d\u00e9ployable pour multiples applications &#8211; Typiquement notre ligne &hellip; <a href=\"https:\/\/www.hatolightingsolutions.com\/fr\/solutions\/products\/\">Suite<\/a><\/p>\n","protected":false},"author":1,"featured_media":0,"parent":68,"menu_order":30,"comment_status":"open","ping_status":"open","template":"template-tabs.php","meta":{"footnotes":""},"acf":[],"_links":{"self":[{"href":"https:\/\/www.hatolightingsolutions.com\/fr\/wp-json\/wp\/v2\/pages\/509"}],"collection":[{"href":"https:\/\/www.hatolightingsolutions.com\/fr\/wp-json\/wp\/v2\/pages"}],"about":[{"href":"https:\/\/www.hatolightingsolutions.com\/fr\/wp-json\/wp\/v2\/types\/page"}],"author":[{"embeddable":true,"href":"https:\/\/www.hatolightingsolutions.com\/fr\/wp-json\/wp\/v2\/users\/1"}],"replies":[{"embeddable":true,"href":"https:\/\/www.hatolightingsolutions.com\/fr\/wp-json\/wp\/v2\/comments?post=509"}],"version-history":[{"count":209,"href":"https:\/\/www.hatolightingsolutions.com\/fr\/wp-json\/wp\/v2\/pages\/509\/revisions"}],"predecessor-version":[{"id":3283,"href":"https:\/\/www.hatolightingsolutions.com\/fr\/wp-json\/wp\/v2\/pages\/509\/revisions\/3283"}],"up":[{"embeddable":true,"href":"https:\/\/www.hatolightingsolutions.com\/fr\/wp-json\/wp\/v2\/pages\/68"}],"wp:attachment":[{"href":"https:\/\/www.hatolightingsolutions.com\/fr\/wp-json\/wp\/v2\/media?parent=509"}],"curies":[{"name":"wp","href":"https:\/\/api.w.org\/{rel}","templated":true}]}}