{"id":479,"date":"2014-05-07T09:33:26","date_gmt":"2014-05-07T08:33:26","guid":{"rendered":"http:\/\/www.hatolightingsolutions.com\/?page_id=479"},"modified":"2016-10-18T10:07:33","modified_gmt":"2016-10-18T09:07:33","slug":"home","status":"publish","type":"page","link":"https:\/\/www.hatolightingsolutions.com\/fr\/","title":{"rendered":"Home"},"content":{"rendered":"<p>HATO Lighting Solutions est sp\u00e9cialis\u00e9 dans les applications d\u2019\u00e9clairage innovantes et sur mesure. Nous d\u00e9veloppons des produits d\u2019\u00e9clairage intelligents, applicable aux fins innombrables. Par exemple dans des signes, guichets ou dans l&rsquo;architecture.<\/p>\n<p>Nos applications sont soumis \u00e0 des contr\u00f4les qualit\u00e9 permanents par notre \u00e9quipe d\u2019experts pour assurer utilisation d\u2019\u00e9nergie minimale et qualit\u00e9 maximale.<\/p>\n<div class=\"entry-content-asset\"><iframe loading=\"lazy\" width=\"400\" height=\"225\" src=\"https:\/\/www.youtube.com\/embed\/ioPb3SUJyKI?feature=oembed\" frameborder=\"0\" allowfullscreen><\/iframe><\/div>\n<p><\/p>","protected":false},"excerpt":{"rendered":"<p>HATO Lighting Solutions est sp\u00e9cialis\u00e9 dans les applications d\u2019\u00e9clairage innovantes et sur mesure. Nous d\u00e9veloppons des produits d\u2019\u00e9clairage intelligents, applicable aux fins innombrables. Par exemple dans des signes, guichets ou dans l&rsquo;architecture. Nos applications sont soumis \u00e0 des contr\u00f4les qualit\u00e9 &hellip; <a href=\"https:\/\/www.hatolightingsolutions.com\/fr\/\">Suite<\/a><\/p>\n","protected":false},"author":1,"featured_media":0,"parent":68,"menu_order":10,"comment_status":"open","ping_status":"closed","template":"template-four-blocks.php","meta":{"footnotes":""},"acf":[],"_links":{"self":[{"href":"https:\/\/www.hatolightingsolutions.com\/fr\/wp-json\/wp\/v2\/pages\/479"}],"collection":[{"href":"https:\/\/www.hatolightingsolutions.com\/fr\/wp-json\/wp\/v2\/pages"}],"about":[{"href":"https:\/\/www.hatolightingsolutions.com\/fr\/wp-json\/wp\/v2\/types\/page"}],"author":[{"embeddable":true,"href":"https:\/\/www.hatolightingsolutions.com\/fr\/wp-json\/wp\/v2\/users\/1"}],"replies":[{"embeddable":true,"href":"https:\/\/www.hatolightingsolutions.com\/fr\/wp-json\/wp\/v2\/comments?post=479"}],"version-history":[{"count":68,"href":"https:\/\/www.hatolightingsolutions.com\/fr\/wp-json\/wp\/v2\/pages\/479\/revisions"}],"predecessor-version":[{"id":2940,"href":"https:\/\/www.hatolightingsolutions.com\/fr\/wp-json\/wp\/v2\/pages\/479\/revisions\/2940"}],"up":[{"embeddable":true,"href":"https:\/\/www.hatolightingsolutions.com\/fr\/wp-json\/wp\/v2\/pages\/68"}],"wp:attachment":[{"href":"https:\/\/www.hatolightingsolutions.com\/fr\/wp-json\/wp\/v2\/media?parent=479"}],"curies":[{"name":"wp","href":"https:\/\/api.w.org\/{rel}","templated":true}]}}